{"id":565,"date":"2026-02-05T10:42:57","date_gmt":"2026-02-05T10:42:57","guid":{"rendered":"https:\/\/stbacchi25.clientx-animage.fr\/nos-partenaires\/"},"modified":"2026-02-19T14:45:50","modified_gmt":"2026-02-19T14:45:50","slug":"nos-partenaires","status":"publish","type":"page","link":"https:\/\/stbacchi25.clientx-animage.fr\/en\/nos-partenaires\/","title":{"rendered":"Our Partners"},"content":{"rendered":"<div class=\"et_pb_section_0 et_pb_section et_section_regular et_flex_section\">\n<div class=\"et_pb_row_0 et_pb_row et_flex_row\">\n<div class=\"et_pb_column_0 et_pb_column et-last-child et_flex_column et_pb_css_mix_blend_mode_passthrough et_flex_column_24_24 et_flex_column_24_24_tablet et_flex_column_24_24_phone\">\n<div class=\"et_pb_text_0 et_pb_text et_pb_bg_layout_light et_pb_module et_flex_module\"><div class=\"et_pb_text_inner\"><h2>Our partners<\/h2>\n<\/div><\/div>\n\n<div class=\"et_pb_row_1 et_pb_row et_pb_row_nested et_flex_row\">\n<div class=\"et_pb_column_1 et_pb_column et_flex_column et_pb_css_mix_blend_mode_passthrough et_flex_column_8_24 et_flex_column_8_24_tablet et_flex_column_24_24_phone\">\n<div class=\"et_pb_image_0 et_pb_image et_pb_module et_flex_module\"><span class=\"et_pb_image_wrap\"><img loading=\"lazy\" decoding=\"async\" src=\"https:\/\/stbacchi25.clientx-animage.fr\/wp-content\/uploads\/2026\/02\/partenaires-traiteurs_resultat.webp\" title=\"partenaires-traiteurs_resultat\" width=\"545\" height=\"344\" srcset=\"https:\/\/stbacchi25.clientx-animage.fr\/wp-content\/uploads\/2026\/02\/partenaires-traiteurs_resultat.webp 545w, https:\/\/stbacchi25.clientx-animage.fr\/wp-content\/uploads\/2026\/02\/partenaires-traiteurs_resultat-480x303.webp 480w\" sizes=\"(min-width: 0px) and (max-width: 480px) 480px, (min-width: 481px) 545px, 100vw\" class=\"wp-image-187\" \/><\/span>\n<div class=\"et_pb_text_1 et_pb_text et_pb_bg_layout_light et_pb_module et_flex_module\"><div class=\"et_pb_text_inner\"><h3>Catering Services<\/h3>\n<\/div><\/div>\n<\/div>\n\n<div class=\"et_pb_text_2 et_pb_text et_pb_bg_layout_light et_pb_module et_flex_module\"><div class=\"et_pb_text_inner\"><p><a href=\"http:\/\/www.arbois-traiteur.com\/\" target=\"_blank\" rel=\"noopener\">Arbois Traiteur<\/a><\/p>\n<p><a href=\"http:\/\/www.lavallergue-traiteur.com\/\" target=\"_blank\" rel=\"noopener\">La Vallergue<\/a><\/p>\n<p><a href=\"http:\/\/www.gaudefroy-receptions.com\/fr\/index.php\" target=\"_blank\" rel=\"noopener\">Gaudefroy<\/a><\/p>\n<p><a href=\"http:\/\/www.rolandpaixtraiteur.fr\/\" target=\"_blank\" rel=\"noopener\">Roland Paix<\/a><\/p>\n<p><a href=\"https:\/\/www.aumertraiteur.com\/\">Aumer Traiteur<\/a><\/p>\n<p><a href=\"http:\/\/www.metsens.fr\/\">MetSens<\/a><\/p>\n<p><a href=\"http:\/\/www.rs-traiteur.fr\/\">RS Traiteur<\/a><\/p>\n<\/div><\/div>\n<\/div>\n\n<div class=\"et_pb_column_2 et_pb_column et_flex_column et_pb_css_mix_blend_mode_passthrough et_flex_column_8_24 et_flex_column_8_24_tablet et_flex_column_24_24_phone\">\n<div class=\"et_pb_image_1 et_pb_image et_pb_module et_flex_module\"><span class=\"et_pb_image_wrap\"><img loading=\"lazy\" decoding=\"async\" src=\"https:\/\/stbacchi25.clientx-animage.fr\/wp-content\/uploads\/2026\/02\/partenaires-photos_resultat.webp\" title=\"partenaires-photos_resultat\" width=\"545\" height=\"344\" srcset=\"https:\/\/stbacchi25.clientx-animage.fr\/wp-content\/uploads\/2026\/02\/partenaires-photos_resultat.webp 545w, https:\/\/stbacchi25.clientx-animage.fr\/wp-content\/uploads\/2026\/02\/partenaires-photos_resultat-480x303.webp 480w\" sizes=\"(min-width: 0px) and (max-width: 480px) 480px, (min-width: 481px) 545px, 100vw\" class=\"wp-image-186\" \/><\/span>\n<div class=\"et_pb_text_3 et_pb_text et_pb_bg_layout_light et_pb_module et_flex_module\"><div class=\"et_pb_text_inner\"><h3>Photos<\/h3>\n<\/div><\/div>\n\n<div class=\"et_pb_text_4 et_pb_text et_pb_bg_layout_light et_pb_module et_flex_module\"><div class=\"et_pb_text_inner\"><p><a href=\"http:\/\/artais.com\/\" target=\"_blank\" rel=\"noopener\">Arta\u00efs Studio<\/a><\/p>\n<p><a href=\"http:\/\/www.antonylanglasse-photographie.fr\/\">Antony Langlasse<\/a><\/p>\n<p><a href=\"http:\/\/www.stephanieavon.com\/\" target=\"_blank\" rel=\"noopener\">Stephanie Avon<\/a><\/p>\n<p><a href=\"http:\/\/www.mariage-de-photos.fr\/\" target=\"_blank\" rel=\"noopener\">Mariage De Photo \u2013 Olivier Malcor<\/a><\/p>\n<p><a href=\"http:\/\/www.georgespanossian.com\/\">Georges Panossian<\/a><\/p>\n<p><a href=\"http:\/\/www.danielpelcat.fr\/\">Daniel Pelcat<\/a><\/p>\n<p><a href=\"http:\/\/www.thibaultchappe.fr\/\">Thibault Chappe<\/a><\/p>\n<p><a href=\"http:\/\/www.drmproduction.fr\/\" target=\"_blank\" rel=\"noopener\">Vid\u00e9o Alexandre Nottin<\/a><\/p>\n<\/div><\/div>\n<\/div>\n<\/div>\n\n<div class=\"et_pb_column_3 et_pb_column et_flex_column et_pb_css_mix_blend_mode_passthrough et_flex_column_8_24 et_flex_column_8_24_tablet et_flex_column_24_24_phone\">\n<div class=\"et_pb_image_2 et_pb_image et_pb_module et_flex_module\"><span class=\"et_pb_image_wrap\"><img loading=\"lazy\" decoding=\"async\" src=\"https:\/\/stbacchi25.clientx-animage.fr\/wp-content\/uploads\/2026\/02\/partenaires-music_resultat.webp\" title=\"partenaires-music_resultat\" width=\"545\" height=\"344\" srcset=\"https:\/\/stbacchi25.clientx-animage.fr\/wp-content\/uploads\/2026\/02\/partenaires-music_resultat.webp 545w, https:\/\/stbacchi25.clientx-animage.fr\/wp-content\/uploads\/2026\/02\/partenaires-music_resultat-480x303.webp 480w\" sizes=\"(min-width: 0px) and (max-width: 480px) 480px, (min-width: 481px) 545px, 100vw\" class=\"wp-image-190\" \/><\/span>\n<div class=\"et_pb_text_5 et_pb_text et_pb_bg_layout_light et_pb_module et_flex_module\"><div class=\"et_pb_text_inner\"><h3>Music<\/h3>\n<\/div><\/div>\n<\/div>\n\n<div class=\"et_pb_text_6 et_pb_text et_pb_bg_layout_light et_pb_module et_flex_module\"><div class=\"et_pb_text_inner\"><p><a href=\"http:\/\/www.animation1somniak.com\/\">1somniak<\/a><\/p>\n<p><a href=\"http:\/\/animatique.fr\/\" target=\"_blank\" rel=\"noopener\">Animatique<\/a><\/p>\n<p><a href=\"http:\/\/www.nuitblanchedj.com\/\" target=\"_blank\" rel=\"noopener\">Nuit Blanche<\/a><\/p>\n<p><a href=\"http:\/\/www.mariage-evenementiel.fr\/\" target=\"_blank\" rel=\"noopener\">Alvyn Kaplan<\/a><\/p>\n<p><a href=\"http:\/\/www.aiko-event.fr\/\" target=\"_blank\" rel=\"noopener\">Aiko Event<\/a><\/p>\n<p><a href=\"http:\/\/www.deejaycharly.com\/\" target=\"_blank\" rel=\"noopener\">Deejay Charly<\/a><\/p>\n<p><a href=\"http:\/\/www.bc-sonorisation.fr\/\" target=\"_blank\" rel=\"noopener\">B&amp;C Sonorisation<\/a><\/p>\n<p><a href=\"http:\/\/www.vanessablive.com\/\" target=\"_blank\" rel=\"noopener\">Vanessa B. Live<\/a><\/p>\n<\/div><\/div>\n<\/div>\n\n<div class=\"et_pb_column_4 et_pb_column et_flex_column et_pb_css_mix_blend_mode_passthrough et_flex_column_8_24 et_flex_column_8_24_tablet et_flex_column_24_24_phone\">\n<div class=\"et_pb_image_3 et_pb_image et_pb_module et_flex_module\"><span class=\"et_pb_image_wrap\"><img loading=\"lazy\" decoding=\"async\" src=\"https:\/\/stbacchi25.clientx-animage.fr\/wp-content\/uploads\/2026\/02\/partenaires-deco_resultat.webp\" title=\"partenaires-deco_resultat\" width=\"545\" height=\"344\" srcset=\"https:\/\/stbacchi25.clientx-animage.fr\/wp-content\/uploads\/2026\/02\/partenaires-deco_resultat.webp 545w, https:\/\/stbacchi25.clientx-animage.fr\/wp-content\/uploads\/2026\/02\/partenaires-deco_resultat-480x303.webp 480w\" sizes=\"(min-width: 0px) and (max-width: 480px) 480px, (min-width: 481px) 545px, 100vw\" class=\"wp-image-188\" \/><\/span>\n<div class=\"et_pb_text_7 et_pb_text et_pb_bg_layout_light et_pb_module et_flex_module\"><div class=\"et_pb_text_inner\"><h3>The Decoration<\/h3>\n<\/div><\/div>\n<\/div>\n\n<div class=\"et_pb_text_8 et_pb_text et_pb_bg_layout_light et_pb_module et_flex_module\"><div class=\"et_pb_text_inner\"><p><a href=\"http:\/\/mariage.jardindeflorette.fr\/\">Le Jardin De Florette<\/a>, Christel et Reynald<\/p>\n<p><a href=\"http:\/\/bonifaciodeco.com\/\" target=\"_blank\" rel=\"noopener\">Bonifacio Deco<\/a>, Jean-Philippe Bonifacio<\/p>\n<p><a href=\"http:\/\/juste-un-reve.fr\/\">Juste un R\u00eave<\/a>, St\u00e9phanie Feydy<\/p>\n<p><a href=\"http:\/\/decor-champetre.fr\/\">D\u00e9cor Champ\u00eatre<\/a><\/p>\n<p>Fleurs de Cel,\u00a0 Meyrargues, 06.21.88.27.86<\/p>\n<\/div><\/div>\n<\/div>\n\n<div class=\"et_pb_column_5 et_pb_column et_flex_column et_pb_css_mix_blend_mode_passthrough et_flex_column_8_24 et_flex_column_8_24_tablet et_flex_column_24_24_phone\">\n<div class=\"et_pb_image_4 et_pb_image et_pb_module et_flex_module\"><span class=\"et_pb_image_wrap\"><img loading=\"lazy\" decoding=\"async\" src=\"https:\/\/stbacchi25.clientx-animage.fr\/wp-content\/uploads\/2026\/02\/partenaires-organisation_resultat.webp\" title=\"partenaires-organisation_resultat\" width=\"545\" height=\"344\" srcset=\"https:\/\/stbacchi25.clientx-animage.fr\/wp-content\/uploads\/2026\/02\/partenaires-organisation_resultat.webp 545w, https:\/\/stbacchi25.clientx-animage.fr\/wp-content\/uploads\/2026\/02\/partenaires-organisation_resultat-480x303.webp 480w\" sizes=\"(min-width: 0px) and (max-width: 480px) 480px, (min-width: 481px) 545px, 100vw\" class=\"wp-image-191\" \/><\/span>\n<div class=\"et_pb_text_9 et_pb_text et_pb_bg_layout_light et_pb_module et_flex_module\"><div class=\"et_pb_text_inner\"><h3>Wedding Planning in Provence<\/h3>\n<\/div><\/div>\n\n<div class=\"et_pb_text_10 et_pb_text et_pb_bg_layout_light et_pb_module et_flex_module\"><div class=\"et_pb_text_inner\"><p><a href=\"http:\/\/a2mainstenant.com\/\">A Deux Mains Tenant<\/a><span>\u00a0<\/span>\u2013 Secular Ceremonies<\/p>\n<p><a href=\"http:\/\/www.legrimoiredumariage.com\/\" target=\"_blank\" rel=\"noopener\">Le Grimoire du Mariage<\/a>\u00a0Rebecca<\/p>\n<p><a href=\"http:\/\/situloses.fr\/\">Si Tu l\u2019Oses<\/a><span>\u00a0<\/span>\u2013 Patricia Salmon<\/p>\n<\/div><\/div>\n<\/div>\n<\/div>\n\n<div class=\"et_pb_column_6 et_pb_column et-last-child et_flex_column et_pb_css_mix_blend_mode_passthrough et_flex_column_8_24 et_flex_column_8_24_tablet et_flex_column_24_24_phone\">\n<div class=\"et_pb_image_5 et_pb_image et_pb_module et_flex_module\"><span class=\"et_pb_image_wrap\"><img loading=\"lazy\" decoding=\"async\" src=\"https:\/\/stbacchi25.clientx-animage.fr\/wp-content\/uploads\/2026\/02\/partenaires-location_resultat.webp\" title=\"partenaires-location_resultat\" width=\"545\" height=\"344\" srcset=\"https:\/\/stbacchi25.clientx-animage.fr\/wp-content\/uploads\/2026\/02\/partenaires-location_resultat.webp 545w, https:\/\/stbacchi25.clientx-animage.fr\/wp-content\/uploads\/2026\/02\/partenaires-location_resultat-480x303.webp 480w\" sizes=\"(min-width: 0px) and (max-width: 480px) 480px, (min-width: 481px) 545px, 100vw\" class=\"wp-image-189\" \/><\/span>\n<div class=\"et_pb_text_11 et_pb_text et_pb_bg_layout_light et_pb_module et_flex_module\"><div class=\"et_pb_text_inner\"><h3>Event Space Rental<\/h3>\n<\/div><\/div>\n<\/div>\n\n<div class=\"et_pb_text_12 et_pb_text et_pb_bg_layout_light et_pb_module et_flex_module\"><div class=\"et_pb_text_inner\"><p><a href=\"http:\/\/www.mariages.net\/\" target=\"_blank\" rel=\"noopener\">Mariages.Net<\/a><\/p>\n<\/div><\/div>\n<\/div>\n<\/div>\n<\/div>\n<\/div>\n<\/div>\n\n<div class=\"et_pb_section_1 et_pb_section et_section_regular et_flex_section\"><div class=\"et_pb_row_2 et_pb_row et_flex_row\"><div class=\"et_pb_column_7 et_pb_column et_flex_column et_pb_css_mix_blend_mode_passthrough et_flex_column_6_24 et_flex_column_12_24_tablet et_flex_column_24_24_phone\"><div class=\"et_pb_image_6 et_pb_image et_pb_module et_flex_module\"><a href=\"https:\/\/stbacchi25.clientx-animage.fr\/en\/contact\/\"><span class=\"et_pb_image_wrap\"><img loading=\"lazy\" decoding=\"async\" src=\"https:\/\/stbacchi25.clientx-animage.fr\/wp-content\/uploads\/2026\/02\/btn-contact-mail_en.png\" alt=\"Saint Bacchi Chapel for your weddings and events in Provence France\" title=\"btn-contact-mail_en\" width=\"210\" height=\"52\" sizes=\"(max-width: 210px) 100vw, 210px\" class=\"wp-image-512\" \/><\/span><\/a><\/div><\/div><div class=\"et_pb_column_8 et_pb_column et_flex_column et_pb_css_mix_blend_mode_passthrough et_flex_column_6_24 et_flex_column_12_24_tablet et_flex_column_24_24_phone\"><div class=\"et_pb_image_7 et_pb_image et_pb_module et_flex_module\"><a href=\"https:\/\/stbacchi25.clientx-animage.fr\/histoire-de-la-chapelle-salle-de-mariages-receptions-et-evenements-prives-saint-bacchi-en-provence-sud-france-a-jouques\/#matterport\"><span class=\"et_pb_image_wrap\"><img loading=\"lazy\" decoding=\"async\" src=\"https:\/\/stbacchi25.clientx-animage.fr\/wp-content\/uploads\/2026\/02\/btn-contact-360_en.png\" alt=\"Saint Bacchi Chapel for your weddings and events in Provence France\" title=\"btn-contact-360_en\" width=\"210\" height=\"52\" sizes=\"(max-width: 210px) 100vw, 210px\" class=\"wp-image-507\" \/><\/span><\/a><\/div><\/div><div class=\"et_pb_column_9 et_pb_column et_flex_column et_pb_css_mix_blend_mode_passthrough et_flex_column_6_24 et_flex_column_12_24_tablet et_flex_column_24_24_phone\"><div class=\"et_pb_image_8 et_pb_image et_pb_module et_flex_module\"><a href=\"https:\/\/stbacchi25.clientx-animage.fr\/en\/contact\/\"><span class=\"et_pb_image_wrap\"><img loading=\"lazy\" decoding=\"async\" src=\"https:\/\/stbacchi25.clientx-animage.fr\/wp-content\/uploads\/2026\/02\/btn-contact-organiser_en.png\" alt=\"Saint Bacchi Chapel for your weddings and events in Provence France\" title=\"btn-contact-organiser_en\" width=\"210\" height=\"52\" sizes=\"(max-width: 210px) 100vw, 210px\" class=\"wp-image-513\" \/><\/span><\/a><\/div><\/div><div class=\"et_pb_column_10 et_pb_column et-last-child et_flex_column et_pb_css_mix_blend_mode_passthrough et_flex_column_6_24 et_flex_column_12_24_tablet et_flex_column_24_24_phone\"><div class=\"et_pb_image_9 et_pb_image et_pb_module et_flex_module\"><a href=\"https:\/\/www.facebook.com\/profile.php?id=100050883832497#\" target=\"_blank\"><span class=\"et_pb_image_wrap\"><img loading=\"lazy\" decoding=\"async\" src=\"https:\/\/stbacchi25.clientx-animage.fr\/wp-content\/uploads\/2026\/02\/btn-contact-facebook_en.png\" alt=\"Saint Bacchi Chapel for your weddings and events in Provence France\" title=\"btn-contact-facebook_en\" width=\"210\" height=\"52\" sizes=\"(max-width: 210px) 100vw, 210px\" class=\"wp-image-510\" \/><\/span><\/a><\/div><\/div><\/div><\/div>","protected":false},"excerpt":{"rendered":"","protected":false},"author":1,"featured_media":0,"parent":0,"menu_order":0,"comment_status":"closed","ping_status":"closed","template":"","meta":{"footnotes":""},"class_list":["post-565","page","type-page","status-publish","hentry"],"yoast_head":"<!-- This site is optimized with the Yoast SEO plugin v27.0 - https:\/\/yoast.com\/product\/yoast-seo-wordpress\/ -->\n<title>Our Partners - Reception Saint Bacchi : mariages, \u00e9v\u00e9nements priv\u00e9s et professionnels<\/title>\n<meta name=\"robots\" content=\"index, follow, max-snippet:-1, max-image-preview:large, max-video-preview:-1\" \/>\n<link rel=\"canonical\" href=\"https:\/\/stbacchi25.clientx-animage.fr\/en\/nos-partenaires\/\" \/>\n<meta property=\"og:locale\" content=\"en_US\" \/>\n<meta property=\"og:type\" content=\"article\" \/>\n<meta property=\"og:title\" content=\"Our Partners - Reception Saint Bacchi : mariages, \u00e9v\u00e9nements priv\u00e9s et professionnels\" \/>\n<meta property=\"og:url\" content=\"https:\/\/stbacchi25.clientx-animage.fr\/en\/nos-partenaires\/\" \/>\n<meta property=\"og:site_name\" content=\"Reception Saint Bacchi : mariages, \u00e9v\u00e9nements priv\u00e9s et professionnels\" \/>\n<meta property=\"article:publisher\" content=\"https:\/\/www.facebook.com\/profile.php?id=100050883832497\" \/>\n<meta property=\"article:modified_time\" content=\"2026-02-19T14:45:50+00:00\" \/>\n<meta name=\"twitter:card\" content=\"summary_large_image\" \/>\n<script type=\"application\/ld+json\" class=\"yoast-schema-graph\">{\"@context\":\"https:\/\/schema.org\",\"@graph\":[{\"@type\":\"WebPage\",\"@id\":\"https:\/\/stbacchi25.clientx-animage.fr\/en\/nos-partenaires\/\",\"url\":\"https:\/\/stbacchi25.clientx-animage.fr\/en\/nos-partenaires\/\",\"name\":\"Our Partners - Reception Saint Bacchi : mariages, \u00e9v\u00e9nements priv\u00e9s et professionnels\",\"isPartOf\":{\"@id\":\"https:\/\/stbacchi25.clientx-animage.fr\/en\/#website\"},\"datePublished\":\"2026-02-05T10:42:57+00:00\",\"dateModified\":\"2026-02-19T14:45:50+00:00\",\"breadcrumb\":{\"@id\":\"https:\/\/stbacchi25.clientx-animage.fr\/en\/nos-partenaires\/#breadcrumb\"},\"inLanguage\":\"en-US\",\"potentialAction\":[{\"@type\":\"ReadAction\",\"target\":[\"https:\/\/stbacchi25.clientx-animage.fr\/en\/nos-partenaires\/\"]}]},{\"@type\":\"BreadcrumbList\",\"@id\":\"https:\/\/stbacchi25.clientx-animage.fr\/en\/nos-partenaires\/#breadcrumb\",\"itemListElement\":[{\"@type\":\"ListItem\",\"position\":1,\"name\":\"Accueil\",\"item\":\"https:\/\/stbacchi25.clientx-animage.fr\/en\/\"},{\"@type\":\"ListItem\",\"position\":2,\"name\":\"Our Partners\"}]},{\"@type\":\"WebSite\",\"@id\":\"https:\/\/stbacchi25.clientx-animage.fr\/en\/#website\",\"url\":\"https:\/\/stbacchi25.clientx-animage.fr\/en\/\",\"name\":\"Reception Saint Bacchi : mariages, \u00e9v\u00e9nements priv\u00e9s et professionnels\",\"description\":\"\",\"publisher\":{\"@id\":\"https:\/\/stbacchi25.clientx-animage.fr\/en\/#organization\"},\"potentialAction\":[{\"@type\":\"SearchAction\",\"target\":{\"@type\":\"EntryPoint\",\"urlTemplate\":\"https:\/\/stbacchi25.clientx-animage.fr\/en\/?s={search_term_string}\"},\"query-input\":{\"@type\":\"PropertyValueSpecification\",\"valueRequired\":true,\"valueName\":\"search_term_string\"}}],\"inLanguage\":\"en-US\"},{\"@type\":\"Organization\",\"@id\":\"https:\/\/stbacchi25.clientx-animage.fr\/en\/#organization\",\"name\":\"Reception Saint Bacchi : mariages, \u00e9v\u00e9nements priv\u00e9s et professionnels\",\"url\":\"https:\/\/stbacchi25.clientx-animage.fr\/en\/\",\"logo\":{\"@type\":\"ImageObject\",\"inLanguage\":\"en-US\",\"@id\":\"https:\/\/stbacchi25.clientx-animage.fr\/en\/#\/schema\/logo\/image\/\",\"url\":\"https:\/\/stbacchi25.clientx-animage.fr\/wp-content\/uploads\/2026\/02\/logo-domaine-saint-bacchi.png\",\"contentUrl\":\"https:\/\/stbacchi25.clientx-animage.fr\/wp-content\/uploads\/2026\/02\/logo-domaine-saint-bacchi.png\",\"width\":235,\"height\":75,\"caption\":\"Reception Saint Bacchi : mariages, \u00e9v\u00e9nements priv\u00e9s et professionnels\"},\"image\":{\"@id\":\"https:\/\/stbacchi25.clientx-animage.fr\/en\/#\/schema\/logo\/image\/\"},\"sameAs\":[\"https:\/\/www.facebook.com\/profile.php?id=100050883832497\"]}]}<\/script>\n<!-- \/ Yoast SEO plugin. -->","yoast_head_json":{"title":"Our Partners - Reception Saint Bacchi : mariages, \u00e9v\u00e9nements priv\u00e9s et professionnels","robots":{"index":"index","follow":"follow","max-snippet":"max-snippet:-1","max-image-preview":"max-image-preview:large","max-video-preview":"max-video-preview:-1"},"canonical":"https:\/\/stbacchi25.clientx-animage.fr\/en\/nos-partenaires\/","og_locale":"en_US","og_type":"article","og_title":"Our Partners - Reception Saint Bacchi : mariages, \u00e9v\u00e9nements priv\u00e9s et professionnels","og_url":"https:\/\/stbacchi25.clientx-animage.fr\/en\/nos-partenaires\/","og_site_name":"Reception Saint Bacchi : mariages, \u00e9v\u00e9nements priv\u00e9s et professionnels","article_publisher":"https:\/\/www.facebook.com\/profile.php?id=100050883832497","article_modified_time":"2026-02-19T14:45:50+00:00","twitter_card":"summary_large_image","schema":{"@context":"https:\/\/schema.org","@graph":[{"@type":"WebPage","@id":"https:\/\/stbacchi25.clientx-animage.fr\/en\/nos-partenaires\/","url":"https:\/\/stbacchi25.clientx-animage.fr\/en\/nos-partenaires\/","name":"Our Partners - Reception Saint Bacchi : mariages, \u00e9v\u00e9nements priv\u00e9s et professionnels","isPartOf":{"@id":"https:\/\/stbacchi25.clientx-animage.fr\/en\/#website"},"datePublished":"2026-02-05T10:42:57+00:00","dateModified":"2026-02-19T14:45:50+00:00","breadcrumb":{"@id":"https:\/\/stbacchi25.clientx-animage.fr\/en\/nos-partenaires\/#breadcrumb"},"inLanguage":"en-US","potentialAction":[{"@type":"ReadAction","target":["https:\/\/stbacchi25.clientx-animage.fr\/en\/nos-partenaires\/"]}]},{"@type":"BreadcrumbList","@id":"https:\/\/stbacchi25.clientx-animage.fr\/en\/nos-partenaires\/#breadcrumb","itemListElement":[{"@type":"ListItem","position":1,"name":"Accueil","item":"https:\/\/stbacchi25.clientx-animage.fr\/en\/"},{"@type":"ListItem","position":2,"name":"Our Partners"}]},{"@type":"WebSite","@id":"https:\/\/stbacchi25.clientx-animage.fr\/en\/#website","url":"https:\/\/stbacchi25.clientx-animage.fr\/en\/","name":"Reception Saint Bacchi : mariages, \u00e9v\u00e9nements priv\u00e9s et professionnels","description":"","publisher":{"@id":"https:\/\/stbacchi25.clientx-animage.fr\/en\/#organization"},"potentialAction":[{"@type":"SearchAction","target":{"@type":"EntryPoint","urlTemplate":"https:\/\/stbacchi25.clientx-animage.fr\/en\/?s={search_term_string}"},"query-input":{"@type":"PropertyValueSpecification","valueRequired":true,"valueName":"search_term_string"}}],"inLanguage":"en-US"},{"@type":"Organization","@id":"https:\/\/stbacchi25.clientx-animage.fr\/en\/#organization","name":"Reception Saint Bacchi : mariages, \u00e9v\u00e9nements priv\u00e9s et professionnels","url":"https:\/\/stbacchi25.clientx-animage.fr\/en\/","logo":{"@type":"ImageObject","inLanguage":"en-US","@id":"https:\/\/stbacchi25.clientx-animage.fr\/en\/#\/schema\/logo\/image\/","url":"https:\/\/stbacchi25.clientx-animage.fr\/wp-content\/uploads\/2026\/02\/logo-domaine-saint-bacchi.png","contentUrl":"https:\/\/stbacchi25.clientx-animage.fr\/wp-content\/uploads\/2026\/02\/logo-domaine-saint-bacchi.png","width":235,"height":75,"caption":"Reception Saint Bacchi : mariages, \u00e9v\u00e9nements priv\u00e9s et professionnels"},"image":{"@id":"https:\/\/stbacchi25.clientx-animage.fr\/en\/#\/schema\/logo\/image\/"},"sameAs":["https:\/\/www.facebook.com\/profile.php?id=100050883832497"]}]}},"_links":{"self":[{"href":"https:\/\/stbacchi25.clientx-animage.fr\/en\/wp-json\/wp\/v2\/pages\/565","targetHints":{"allow":["GET"]}}],"collection":[{"href":"https:\/\/stbacchi25.clientx-animage.fr\/en\/wp-json\/wp\/v2\/pages"}],"about":[{"href":"https:\/\/stbacchi25.clientx-animage.fr\/en\/wp-json\/wp\/v2\/types\/page"}],"author":[{"embeddable":true,"href":"https:\/\/stbacchi25.clientx-animage.fr\/en\/wp-json\/wp\/v2\/users\/1"}],"replies":[{"embeddable":true,"href":"https:\/\/stbacchi25.clientx-animage.fr\/en\/wp-json\/wp\/v2\/comments?post=565"}],"version-history":[{"count":5,"href":"https:\/\/stbacchi25.clientx-animage.fr\/en\/wp-json\/wp\/v2\/pages\/565\/revisions"}],"predecessor-version":[{"id":625,"href":"https:\/\/stbacchi25.clientx-animage.fr\/en\/wp-json\/wp\/v2\/pages\/565\/revisions\/625"}],"wp:attachment":[{"href":"https:\/\/stbacchi25.clientx-animage.fr\/en\/wp-json\/wp\/v2\/media?parent=565"}],"curies":[{"name":"wp","href":"https:\/\/api.w.org\/{rel}","templated":true}]}}