{"id":549,"date":"2026-02-05T09:57:26","date_gmt":"2026-02-05T09:57:26","guid":{"rendered":"https:\/\/stbacchi25.clientx-animage.fr\/histoire-de-la-chapelle-salle-de-mariages-receptions-et-evenements-prives-saint-bacchi-en-provence-sud-france-a-jouques\/"},"modified":"2026-02-19T14:12:55","modified_gmt":"2026-02-19T14:12:55","slug":"history-of-saint-bacchi-chapel-weddings-receptions-and-private-events-in-provence-south-france-jouques","status":"publish","type":"page","link":"https:\/\/stbacchi25.clientx-animage.fr\/en\/history-of-saint-bacchi-chapel-weddings-receptions-and-private-events-in-provence-south-france-jouques\/","title":{"rendered":"History of Saint Bacchi Chapel: Weddings, Receptions and Private Events in Provence, South France Jouques"},"content":{"rendered":"<div class=\"et_pb_section_0 et_pb_section et_section_regular et_block_section et_animated\">\n<div class=\"et_pb_row_0 et_pb_row et_block_row\">\n<div class=\"et_pb_column_0 et_pb_column et_pb_column_3_5 et_block_column et_pb_css_mix_blend_mode_passthrough\" id=\"bloc-gauche\">\n<div class=\"et_pb_text_0 et_pb_text et_pb_bg_layout_light et_pb_module et_block_module et_pb_text_align_justified\"><div class=\"et_pb_text_inner\"><h2>A Brief History<\/h2>\n<\/div><\/div>\n\n<div class=\"et_pb_text_1 et_pb_text et_pb_bg_layout_light et_pb_module et_block_module et_pb_text_align_justified\"><div class=\"et_pb_text_inner\"><p>This fully restored building, whose original chapel dates back to the 9th century, was constructed on the site of a Roman temple. The chapel was a place of pilgrimage because the spring that supplied the building was considered miraculous. Frescoes still visible today depict castles, fountains, and Saint Bacchi. Saint Bacchi was of Syrian origin, a Roman officer who converted to Christianity. He is said to have evangelized the region, lived as a hermit, and died at the location of this chapel.<br \/><strong>The Legend: <\/strong>one night, thieves broke into Bacchi\u2019s henhouse and stole his chickens and roosters. As the legend goes, the stolen birds turned to stone. This tale is likely the origin of Jouques\u2019 coat of arms: the rooster and the hen.<\/p>\n<\/div><\/div>\n\n<div class=\"et_pb_module et_pb_button_module_wrapper et_pb_button_0_wrapper\"><a class=\"et_pb_button_0 et_pb_button et_pb_bg_layout_light et_pb_module et_flex_module\" href=\"https:\/\/stbacchi25.clientx-animage.fr\/en\/contact\/\">Contact us<\/a><\/div>\n<\/div>\n\n<div class=\"et_pb_column_1 et_pb_column et_pb_column_2_5 et-last-child et_block_column et_pb_column_empty et_pb_css_mix_blend_mode_passthrough\"><\/div>\n<\/div>\n<\/div>\n\n<div class=\"et_pb_section_1 et_pb_section et_section_regular et_flex_section\" id=\"matterport\">\n<div class=\"et_pb_row_1 et_pb_row et_flex_row\">\n<div class=\"et_pb_column_2 et_pb_column et-last-child et_flex_column et_pb_css_mix_blend_mode_passthrough et_flex_column_24_24 et_flex_column_24_24_tablet et_flex_column_24_24_phone\">\n<div class=\"et_pb_code_0 et_pb_code et_pb_module\"><div class=\"et_pb_code_inner\"><iframe loading=\"lazy\" width=\"100%\" height=\"700\" src=\"https:\/\/my.matterport.com\/show\/?m=HsTgYDcfSdC\" frameborder=\"0\" allowfullscreen allow=\"xr-spatial-tracking\" style=\"position:absolute; top:0; left: 0\"><\/iframe>\n<\/div><\/div>\n<\/div>\n<\/div>\n<\/div>\n\n<div class=\"et_pb_section_2 et_pb_section et_section_regular et_flex_section\"><div class=\"et_pb_row_2 et_pb_row et_flex_row\"><div class=\"et_pb_column_3 et_pb_column et_flex_column et_pb_css_mix_blend_mode_passthrough et_flex_column_6_24 et_flex_column_12_24_tablet et_flex_column_24_24_phone\"><div class=\"et_pb_image_0 et_pb_image et_pb_module et_flex_module\"><a href=\"https:\/\/stbacchi25.clientx-animage.fr\/en\/contact\/\"><span class=\"et_pb_image_wrap\"><img loading=\"lazy\" decoding=\"async\" src=\"https:\/\/stbacchi25.clientx-animage.fr\/wp-content\/uploads\/2026\/02\/btn-contact-mail_en.png\" alt=\"Saint Bacchi Chapel for your weddings and events in Provence France\" title=\"btn-contact-mail_en\" width=\"210\" height=\"52\" sizes=\"(max-width: 210px) 100vw, 210px\" class=\"wp-image-512\" \/><\/span><\/a><\/div><\/div><div class=\"et_pb_column_4 et_pb_column et_flex_column et_pb_css_mix_blend_mode_passthrough et_flex_column_6_24 et_flex_column_12_24_tablet et_flex_column_24_24_phone\"><div class=\"et_pb_image_1 et_pb_image et_pb_module et_flex_module\"><a href=\"https:\/\/stbacchi25.clientx-animage.fr\/histoire-de-la-chapelle-salle-de-mariages-receptions-et-evenements-prives-saint-bacchi-en-provence-sud-france-a-jouques\/#matterport\"><span class=\"et_pb_image_wrap\"><img loading=\"lazy\" decoding=\"async\" src=\"https:\/\/stbacchi25.clientx-animage.fr\/wp-content\/uploads\/2026\/02\/btn-contact-360_en.png\" alt=\"Saint Bacchi Chapel for your weddings and events in Provence France\" title=\"btn-contact-360_en\" width=\"210\" height=\"52\" sizes=\"(max-width: 210px) 100vw, 210px\" class=\"wp-image-507\" \/><\/span><\/a><\/div><\/div><div class=\"et_pb_column_5 et_pb_column et_flex_column et_pb_css_mix_blend_mode_passthrough et_flex_column_6_24 et_flex_column_12_24_tablet et_flex_column_24_24_phone\"><div class=\"et_pb_image_2 et_pb_image et_pb_module et_flex_module\"><a href=\"https:\/\/stbacchi25.clientx-animage.fr\/en\/contact\/\"><span class=\"et_pb_image_wrap\"><img loading=\"lazy\" decoding=\"async\" src=\"https:\/\/stbacchi25.clientx-animage.fr\/wp-content\/uploads\/2026\/02\/btn-contact-organiser_en.png\" alt=\"Saint Bacchi Chapel for your weddings and events in Provence France\" title=\"btn-contact-organiser_en\" width=\"210\" height=\"52\" sizes=\"(max-width: 210px) 100vw, 210px\" class=\"wp-image-513\" \/><\/span><\/a><\/div><\/div><div class=\"et_pb_column_6 et_pb_column et-last-child et_flex_column et_pb_css_mix_blend_mode_passthrough et_flex_column_6_24 et_flex_column_12_24_tablet et_flex_column_24_24_phone\"><div class=\"et_pb_image_3 et_pb_image et_pb_module et_flex_module\"><a href=\"https:\/\/www.facebook.com\/profile.php?id=100050883832497#\" target=\"_blank\"><span class=\"et_pb_image_wrap\"><img loading=\"lazy\" decoding=\"async\" src=\"https:\/\/stbacchi25.clientx-animage.fr\/wp-content\/uploads\/2026\/02\/btn-contact-facebook_en.png\" alt=\"Saint Bacchi Chapel for your weddings and events in Provence France\" title=\"btn-contact-facebook_en\" width=\"210\" height=\"52\" sizes=\"(max-width: 210px) 100vw, 210px\" class=\"wp-image-510\" \/><\/span><\/a><\/div><\/div><\/div><\/div>\n\n<div class=\"et_pb_section_3 et_pb_section et_section_regular et_flex_section\"><div class=\"et_pb_row_3 et_pb_row et_flex_row et_clickable\"><div class=\"et_pb_column_7 et_pb_column et-last-child et_flex_column et_pb_css_mix_blend_mode_passthrough et_flex_column_24_24 et_flex_column_24_24_tablet et_flex_column_24_24_phone\"><div class=\"et_pb_text_2 et_pb_text et_pb_bg_layout_light et_pb_module et_flex_module\"><div class=\"et_pb_text_inner\"><h2><span style=\"color: #ffffff;\">Our partners<\/span><\/h2>\n<\/div><\/div><div class=\"et_pb_row_4 et_pb_row et_pb_row_nested et_flex_row\"><div class=\"et_pb_column_8 et_pb_column et_flex_column et_pb_css_mix_blend_mode_passthrough et_flex_column_8_24 et_flex_column_8_24_tablet et_flex_column_24_24_phone\"><div class=\"et_pb_image_4 et_pb_image et_pb_module et_flex_module\"><span class=\"et_pb_image_wrap\"><img loading=\"lazy\" decoding=\"async\" src=\"https:\/\/stbacchi25.clientx-animage.fr\/wp-content\/uploads\/2026\/02\/partenaires-traiteurs_resultat.webp\" title=\"partenaires-traiteurs_resultat\" width=\"545\" height=\"344\" srcset=\"https:\/\/stbacchi25.clientx-animage.fr\/wp-content\/uploads\/2026\/02\/partenaires-traiteurs_resultat.webp 545w, https:\/\/stbacchi25.clientx-animage.fr\/wp-content\/uploads\/2026\/02\/partenaires-traiteurs_resultat-480x303.webp 480w\" sizes=\"(min-width: 0px) and (max-width: 480px) 480px, (min-width: 481px) 545px, 100vw\" class=\"wp-image-187\" \/><\/span><div class=\"et_pb_text_3 et_pb_text et_pb_bg_layout_light et_pb_module et_flex_module\"><div class=\"et_pb_text_inner\"><h3><span style=\"color: #ffffff;\">Catering Services<\/span><\/h3>\n<\/div><\/div><\/div><\/div><div class=\"et_pb_column_9 et_pb_column et_flex_column et_pb_css_mix_blend_mode_passthrough et_flex_column_8_24 et_flex_column_8_24_tablet et_flex_column_24_24_phone\"><div class=\"et_pb_image_5 et_pb_image et_pb_module et_flex_module\"><span class=\"et_pb_image_wrap\"><img loading=\"lazy\" decoding=\"async\" src=\"https:\/\/stbacchi25.clientx-animage.fr\/wp-content\/uploads\/2026\/02\/partenaires-photos_resultat.webp\" title=\"partenaires-photos_resultat\" width=\"545\" height=\"344\" srcset=\"https:\/\/stbacchi25.clientx-animage.fr\/wp-content\/uploads\/2026\/02\/partenaires-photos_resultat.webp 545w, https:\/\/stbacchi25.clientx-animage.fr\/wp-content\/uploads\/2026\/02\/partenaires-photos_resultat-480x303.webp 480w\" sizes=\"(min-width: 0px) and (max-width: 480px) 480px, (min-width: 481px) 545px, 100vw\" class=\"wp-image-186\" \/><\/span><div class=\"et_pb_text_4 et_pb_text et_pb_bg_layout_light et_pb_module et_flex_module\"><div class=\"et_pb_text_inner\"><h3><span style=\"color: #ffffff;\">Photos<\/span><\/h3>\n<\/div><\/div><\/div><\/div><div class=\"et_pb_column_10 et_pb_column et_flex_column et_pb_css_mix_blend_mode_passthrough et_flex_column_8_24 et_flex_column_8_24_tablet et_flex_column_24_24_phone\"><div class=\"et_pb_image_6 et_pb_image et_pb_module et_flex_module\"><span class=\"et_pb_image_wrap\"><img loading=\"lazy\" decoding=\"async\" src=\"https:\/\/stbacchi25.clientx-animage.fr\/wp-content\/uploads\/2026\/02\/partenaires-music_resultat.webp\" title=\"partenaires-music_resultat\" width=\"545\" height=\"344\" srcset=\"https:\/\/stbacchi25.clientx-animage.fr\/wp-content\/uploads\/2026\/02\/partenaires-music_resultat.webp 545w, https:\/\/stbacchi25.clientx-animage.fr\/wp-content\/uploads\/2026\/02\/partenaires-music_resultat-480x303.webp 480w\" sizes=\"(min-width: 0px) and (max-width: 480px) 480px, (min-width: 481px) 545px, 100vw\" class=\"wp-image-190\" \/><\/span><div class=\"et_pb_text_5 et_pb_text et_pb_bg_layout_light et_pb_module et_flex_module\"><div class=\"et_pb_text_inner\"><h3><span style=\"color: #ffffff;\">Music<\/span><\/h3>\n<\/div><\/div><\/div><\/div><div class=\"et_pb_column_11 et_pb_column et_flex_column et_pb_css_mix_blend_mode_passthrough et_flex_column_8_24 et_flex_column_8_24_tablet et_flex_column_24_24_phone\"><div class=\"et_pb_image_7 et_pb_image et_pb_module et_flex_module\"><span class=\"et_pb_image_wrap\"><img loading=\"lazy\" decoding=\"async\" src=\"https:\/\/stbacchi25.clientx-animage.fr\/wp-content\/uploads\/2026\/02\/partenaires-deco_resultat.webp\" title=\"partenaires-deco_resultat\" width=\"545\" height=\"344\" srcset=\"https:\/\/stbacchi25.clientx-animage.fr\/wp-content\/uploads\/2026\/02\/partenaires-deco_resultat.webp 545w, https:\/\/stbacchi25.clientx-animage.fr\/wp-content\/uploads\/2026\/02\/partenaires-deco_resultat-480x303.webp 480w\" sizes=\"(min-width: 0px) and (max-width: 480px) 480px, (min-width: 481px) 545px, 100vw\" class=\"wp-image-188\" \/><\/span><div class=\"et_pb_text_6 et_pb_text et_pb_bg_layout_light et_pb_module et_flex_module\"><div class=\"et_pb_text_inner\"><h3><span style=\"color: #ffffff;\">The d\u00e9coration<\/span><\/h3>\n<\/div><\/div><\/div><\/div><div class=\"et_pb_column_12 et_pb_column et_flex_column et_pb_css_mix_blend_mode_passthrough et_flex_column_8_24 et_flex_column_8_24_tablet et_flex_column_24_24_phone\"><div class=\"et_pb_image_8 et_pb_image et_pb_module et_flex_module\"><span class=\"et_pb_image_wrap\"><img loading=\"lazy\" decoding=\"async\" src=\"https:\/\/stbacchi25.clientx-animage.fr\/wp-content\/uploads\/2026\/02\/partenaires-organisation_resultat.webp\" title=\"partenaires-organisation_resultat\" width=\"545\" height=\"344\" srcset=\"https:\/\/stbacchi25.clientx-animage.fr\/wp-content\/uploads\/2026\/02\/partenaires-organisation_resultat.webp 545w, https:\/\/stbacchi25.clientx-animage.fr\/wp-content\/uploads\/2026\/02\/partenaires-organisation_resultat-480x303.webp 480w\" sizes=\"(min-width: 0px) and (max-width: 480px) 480px, (min-width: 481px) 545px, 100vw\" class=\"wp-image-191\" \/><\/span><div class=\"et_pb_text_7 et_pb_text et_pb_bg_layout_light et_pb_module et_flex_module\"><div class=\"et_pb_text_inner\"><h3><span style=\"color: #ffffff;\">Wedding Planning in Provence<\/span><\/h3>\n<\/div><\/div><\/div><\/div><div class=\"et_pb_column_13 et_pb_column et-last-child et_flex_column et_pb_css_mix_blend_mode_passthrough et_flex_column_8_24 et_flex_column_8_24_tablet et_flex_column_24_24_phone\"><div class=\"et_pb_image_9 et_pb_image et_pb_module et_flex_module\"><span class=\"et_pb_image_wrap\"><img loading=\"lazy\" decoding=\"async\" src=\"https:\/\/stbacchi25.clientx-animage.fr\/wp-content\/uploads\/2026\/02\/partenaires-location_resultat.webp\" title=\"partenaires-location_resultat\" width=\"545\" height=\"344\" srcset=\"https:\/\/stbacchi25.clientx-animage.fr\/wp-content\/uploads\/2026\/02\/partenaires-location_resultat.webp 545w, https:\/\/stbacchi25.clientx-animage.fr\/wp-content\/uploads\/2026\/02\/partenaires-location_resultat-480x303.webp 480w\" sizes=\"(min-width: 0px) and (max-width: 480px) 480px, (min-width: 481px) 545px, 100vw\" class=\"wp-image-189\" \/><\/span><div class=\"et_pb_text_8 et_pb_text et_pb_bg_layout_light et_pb_module et_flex_module\"><div class=\"et_pb_text_inner\"><h3><span style=\"color: #ffffff;\">Event Space Rental<\/span><\/h3>\n<\/div><\/div><\/div><\/div><\/div><\/div><\/div><\/div>","protected":false},"excerpt":{"rendered":"","protected":false},"author":1,"featured_media":0,"parent":0,"menu_order":0,"comment_status":"closed","ping_status":"closed","template":"","meta":{"footnotes":""},"class_list":["post-549","page","type-page","status-publish","hentry"],"yoast_head":"<!-- This site is optimized with the Yoast SEO plugin v27.0 - https:\/\/yoast.com\/product\/yoast-seo-wordpress\/ -->\n<title>History of Saint Bacchi Chapel: Weddings, Receptions and Private Events in Provence, South France Jouques - Reception Saint Bacchi : mariages, \u00e9v\u00e9nements priv\u00e9s et professionnels<\/title>\n<meta name=\"robots\" content=\"index, follow, max-snippet:-1, max-image-preview:large, max-video-preview:-1\" \/>\n<link rel=\"canonical\" href=\"https:\/\/stbacchi25.clientx-animage.fr\/en\/history-of-saint-bacchi-chapel-weddings-receptions-and-private-events-in-provence-south-france-jouques\/\" \/>\n<meta property=\"og:locale\" content=\"en_US\" \/>\n<meta property=\"og:type\" content=\"article\" \/>\n<meta property=\"og:title\" content=\"History of Saint Bacchi Chapel: Weddings, Receptions and Private Events in Provence, South France Jouques - Reception Saint Bacchi : mariages, \u00e9v\u00e9nements priv\u00e9s et professionnels\" \/>\n<meta property=\"og:url\" content=\"https:\/\/stbacchi25.clientx-animage.fr\/en\/history-of-saint-bacchi-chapel-weddings-receptions-and-private-events-in-provence-south-france-jouques\/\" \/>\n<meta property=\"og:site_name\" content=\"Reception Saint Bacchi : mariages, \u00e9v\u00e9nements priv\u00e9s et professionnels\" \/>\n<meta property=\"article:publisher\" content=\"https:\/\/www.facebook.com\/profile.php?id=100050883832497\" \/>\n<meta property=\"article:modified_time\" content=\"2026-02-19T14:12:55+00:00\" \/>\n<meta name=\"twitter:card\" content=\"summary_large_image\" \/>\n<script type=\"application\/ld+json\" class=\"yoast-schema-graph\">{\"@context\":\"https:\/\/schema.org\",\"@graph\":[{\"@type\":\"WebPage\",\"@id\":\"https:\/\/stbacchi25.clientx-animage.fr\/en\/history-of-saint-bacchi-chapel-weddings-receptions-and-private-events-in-provence-south-france-jouques\/\",\"url\":\"https:\/\/stbacchi25.clientx-animage.fr\/en\/history-of-saint-bacchi-chapel-weddings-receptions-and-private-events-in-provence-south-france-jouques\/\",\"name\":\"History of Saint Bacchi Chapel: Weddings, Receptions and Private Events in Provence, South France Jouques - Reception Saint Bacchi : mariages, \u00e9v\u00e9nements priv\u00e9s et professionnels\",\"isPartOf\":{\"@id\":\"https:\/\/stbacchi25.clientx-animage.fr\/en\/#website\"},\"datePublished\":\"2026-02-05T09:57:26+00:00\",\"dateModified\":\"2026-02-19T14:12:55+00:00\",\"breadcrumb\":{\"@id\":\"https:\/\/stbacchi25.clientx-animage.fr\/en\/history-of-saint-bacchi-chapel-weddings-receptions-and-private-events-in-provence-south-france-jouques\/#breadcrumb\"},\"inLanguage\":\"en-US\",\"potentialAction\":[{\"@type\":\"ReadAction\",\"target\":[\"https:\/\/stbacchi25.clientx-animage.fr\/en\/history-of-saint-bacchi-chapel-weddings-receptions-and-private-events-in-provence-south-france-jouques\/\"]}]},{\"@type\":\"BreadcrumbList\",\"@id\":\"https:\/\/stbacchi25.clientx-animage.fr\/en\/history-of-saint-bacchi-chapel-weddings-receptions-and-private-events-in-provence-south-france-jouques\/#breadcrumb\",\"itemListElement\":[{\"@type\":\"ListItem\",\"position\":1,\"name\":\"Accueil\",\"item\":\"https:\/\/stbacchi25.clientx-animage.fr\/en\/\"},{\"@type\":\"ListItem\",\"position\":2,\"name\":\"History of Saint Bacchi Chapel: Weddings, Receptions and Private Events in Provence, South France Jouques\"}]},{\"@type\":\"WebSite\",\"@id\":\"https:\/\/stbacchi25.clientx-animage.fr\/en\/#website\",\"url\":\"https:\/\/stbacchi25.clientx-animage.fr\/en\/\",\"name\":\"Reception Saint Bacchi : mariages, \u00e9v\u00e9nements priv\u00e9s et professionnels\",\"description\":\"\",\"publisher\":{\"@id\":\"https:\/\/stbacchi25.clientx-animage.fr\/en\/#organization\"},\"potentialAction\":[{\"@type\":\"SearchAction\",\"target\":{\"@type\":\"EntryPoint\",\"urlTemplate\":\"https:\/\/stbacchi25.clientx-animage.fr\/en\/?s={search_term_string}\"},\"query-input\":{\"@type\":\"PropertyValueSpecification\",\"valueRequired\":true,\"valueName\":\"search_term_string\"}}],\"inLanguage\":\"en-US\"},{\"@type\":\"Organization\",\"@id\":\"https:\/\/stbacchi25.clientx-animage.fr\/en\/#organization\",\"name\":\"Reception Saint Bacchi : mariages, \u00e9v\u00e9nements priv\u00e9s et professionnels\",\"url\":\"https:\/\/stbacchi25.clientx-animage.fr\/en\/\",\"logo\":{\"@type\":\"ImageObject\",\"inLanguage\":\"en-US\",\"@id\":\"https:\/\/stbacchi25.clientx-animage.fr\/en\/#\/schema\/logo\/image\/\",\"url\":\"https:\/\/stbacchi25.clientx-animage.fr\/wp-content\/uploads\/2026\/02\/logo-domaine-saint-bacchi.png\",\"contentUrl\":\"https:\/\/stbacchi25.clientx-animage.fr\/wp-content\/uploads\/2026\/02\/logo-domaine-saint-bacchi.png\",\"width\":235,\"height\":75,\"caption\":\"Reception Saint Bacchi : mariages, \u00e9v\u00e9nements priv\u00e9s et professionnels\"},\"image\":{\"@id\":\"https:\/\/stbacchi25.clientx-animage.fr\/en\/#\/schema\/logo\/image\/\"},\"sameAs\":[\"https:\/\/www.facebook.com\/profile.php?id=100050883832497\"]}]}<\/script>\n<!-- \/ Yoast SEO plugin. -->","yoast_head_json":{"title":"History of Saint Bacchi Chapel: Weddings, Receptions and Private Events in Provence, South France Jouques - Reception Saint Bacchi : mariages, \u00e9v\u00e9nements priv\u00e9s et professionnels","robots":{"index":"index","follow":"follow","max-snippet":"max-snippet:-1","max-image-preview":"max-image-preview:large","max-video-preview":"max-video-preview:-1"},"canonical":"https:\/\/stbacchi25.clientx-animage.fr\/en\/history-of-saint-bacchi-chapel-weddings-receptions-and-private-events-in-provence-south-france-jouques\/","og_locale":"en_US","og_type":"article","og_title":"History of Saint Bacchi Chapel: Weddings, Receptions and Private Events in Provence, South France Jouques - Reception Saint Bacchi : mariages, \u00e9v\u00e9nements priv\u00e9s et professionnels","og_url":"https:\/\/stbacchi25.clientx-animage.fr\/en\/history-of-saint-bacchi-chapel-weddings-receptions-and-private-events-in-provence-south-france-jouques\/","og_site_name":"Reception Saint Bacchi : mariages, \u00e9v\u00e9nements priv\u00e9s et professionnels","article_publisher":"https:\/\/www.facebook.com\/profile.php?id=100050883832497","article_modified_time":"2026-02-19T14:12:55+00:00","twitter_card":"summary_large_image","schema":{"@context":"https:\/\/schema.org","@graph":[{"@type":"WebPage","@id":"https:\/\/stbacchi25.clientx-animage.fr\/en\/history-of-saint-bacchi-chapel-weddings-receptions-and-private-events-in-provence-south-france-jouques\/","url":"https:\/\/stbacchi25.clientx-animage.fr\/en\/history-of-saint-bacchi-chapel-weddings-receptions-and-private-events-in-provence-south-france-jouques\/","name":"History of Saint Bacchi Chapel: Weddings, Receptions and Private Events in Provence, South France Jouques - Reception Saint Bacchi : mariages, \u00e9v\u00e9nements priv\u00e9s et professionnels","isPartOf":{"@id":"https:\/\/stbacchi25.clientx-animage.fr\/en\/#website"},"datePublished":"2026-02-05T09:57:26+00:00","dateModified":"2026-02-19T14:12:55+00:00","breadcrumb":{"@id":"https:\/\/stbacchi25.clientx-animage.fr\/en\/history-of-saint-bacchi-chapel-weddings-receptions-and-private-events-in-provence-south-france-jouques\/#breadcrumb"},"inLanguage":"en-US","potentialAction":[{"@type":"ReadAction","target":["https:\/\/stbacchi25.clientx-animage.fr\/en\/history-of-saint-bacchi-chapel-weddings-receptions-and-private-events-in-provence-south-france-jouques\/"]}]},{"@type":"BreadcrumbList","@id":"https:\/\/stbacchi25.clientx-animage.fr\/en\/history-of-saint-bacchi-chapel-weddings-receptions-and-private-events-in-provence-south-france-jouques\/#breadcrumb","itemListElement":[{"@type":"ListItem","position":1,"name":"Accueil","item":"https:\/\/stbacchi25.clientx-animage.fr\/en\/"},{"@type":"ListItem","position":2,"name":"History of Saint Bacchi Chapel: Weddings, Receptions and Private Events in Provence, South France Jouques"}]},{"@type":"WebSite","@id":"https:\/\/stbacchi25.clientx-animage.fr\/en\/#website","url":"https:\/\/stbacchi25.clientx-animage.fr\/en\/","name":"Reception Saint Bacchi : mariages, \u00e9v\u00e9nements priv\u00e9s et professionnels","description":"","publisher":{"@id":"https:\/\/stbacchi25.clientx-animage.fr\/en\/#organization"},"potentialAction":[{"@type":"SearchAction","target":{"@type":"EntryPoint","urlTemplate":"https:\/\/stbacchi25.clientx-animage.fr\/en\/?s={search_term_string}"},"query-input":{"@type":"PropertyValueSpecification","valueRequired":true,"valueName":"search_term_string"}}],"inLanguage":"en-US"},{"@type":"Organization","@id":"https:\/\/stbacchi25.clientx-animage.fr\/en\/#organization","name":"Reception Saint Bacchi : mariages, \u00e9v\u00e9nements priv\u00e9s et professionnels","url":"https:\/\/stbacchi25.clientx-animage.fr\/en\/","logo":{"@type":"ImageObject","inLanguage":"en-US","@id":"https:\/\/stbacchi25.clientx-animage.fr\/en\/#\/schema\/logo\/image\/","url":"https:\/\/stbacchi25.clientx-animage.fr\/wp-content\/uploads\/2026\/02\/logo-domaine-saint-bacchi.png","contentUrl":"https:\/\/stbacchi25.clientx-animage.fr\/wp-content\/uploads\/2026\/02\/logo-domaine-saint-bacchi.png","width":235,"height":75,"caption":"Reception Saint Bacchi : mariages, \u00e9v\u00e9nements priv\u00e9s et professionnels"},"image":{"@id":"https:\/\/stbacchi25.clientx-animage.fr\/en\/#\/schema\/logo\/image\/"},"sameAs":["https:\/\/www.facebook.com\/profile.php?id=100050883832497"]}]}},"_links":{"self":[{"href":"https:\/\/stbacchi25.clientx-animage.fr\/en\/wp-json\/wp\/v2\/pages\/549","targetHints":{"allow":["GET"]}}],"collection":[{"href":"https:\/\/stbacchi25.clientx-animage.fr\/en\/wp-json\/wp\/v2\/pages"}],"about":[{"href":"https:\/\/stbacchi25.clientx-animage.fr\/en\/wp-json\/wp\/v2\/types\/page"}],"author":[{"embeddable":true,"href":"https:\/\/stbacchi25.clientx-animage.fr\/en\/wp-json\/wp\/v2\/users\/1"}],"replies":[{"embeddable":true,"href":"https:\/\/stbacchi25.clientx-animage.fr\/en\/wp-json\/wp\/v2\/comments?post=549"}],"version-history":[{"count":4,"href":"https:\/\/stbacchi25.clientx-animage.fr\/en\/wp-json\/wp\/v2\/pages\/549\/revisions"}],"predecessor-version":[{"id":613,"href":"https:\/\/stbacchi25.clientx-animage.fr\/en\/wp-json\/wp\/v2\/pages\/549\/revisions\/613"}],"wp:attachment":[{"href":"https:\/\/stbacchi25.clientx-animage.fr\/en\/wp-json\/wp\/v2\/media?parent=549"}],"curies":[{"name":"wp","href":"https:\/\/api.w.org\/{rel}","templated":true}]}}