{"id":541,"date":"2026-02-04T17:46:42","date_gmt":"2026-02-04T17:46:42","guid":{"rendered":"https:\/\/stbacchi25.clientx-animage.fr\/contact\/"},"modified":"2026-02-19T15:06:09","modified_gmt":"2026-02-19T15:06:09","slug":"contact","status":"publish","type":"page","link":"https:\/\/stbacchi25.clientx-animage.fr\/en\/contact\/","title":{"rendered":"Contact us"},"content":{"rendered":"<div class=\"et_pb_section_0 et_pb_section et_section_regular et_block_section et_animated\">\n<div class=\"et_pb_row_0 et_pb_row et_block_row\">\n<div class=\"et_pb_column_0 et_pb_column et_pb_column_3_5 et_block_column et_pb_css_mix_blend_mode_passthrough\" id=\"bloc-gauche\">\n<div class=\"et_pb_text_0 et_pb_text et_pb_bg_layout_light et_pb_module et_block_module et_pb_text_align_justified\"><div class=\"et_pb_text_inner\"><h2>Contacts<\/h2>\n<\/div><\/div>\n\n<div class=\"et_pb_text_1 et_pb_text et_pb_bg_layout_light et_pb_module et_block_module et_pb_text_align_justified\"><div class=\"et_pb_text_inner\"><p>Mr. et Mrs. Ughetto<br \/>Domaine de Saint Bacchi<br \/>13490 Jouques<\/p>\n<p>Phone : <a href=\"tel:06%2062 66 71 89\">06 62 66 71 89<\/a><br \/>Mail : <a href=\"mailto:contact@receptions-saint-bacchi.com\">contact@receptions-saint-bacchi.com<\/a><\/p>\n<p>For all inquiries regarding THE WINE, please contact Christian VALENSISI :<br \/><a href=\"tel:06%2012 63 33 88\">06 12 63 33 88<\/a><\/p>\n<\/div><\/div>\n<\/div>\n\n<div class=\"et_pb_column_1 et_pb_column et_pb_column_2_5 et-last-child et_block_column et_pb_column_empty et_pb_css_mix_blend_mode_passthrough\"><\/div>\n<\/div>\n<\/div>\n\n<div class=\"et_pb_section_1 et_pb_section et_section_regular et_flex_section\">\n<div class=\"et_pb_row_1 et_pb_row et_flex_row\">\n<div class=\"et_pb_column_2 et_pb_column et-last-child et_flex_column et_pb_css_mix_blend_mode_passthrough et_flex_column_24_24 et_flex_column_24_24_tablet et_flex_column_24_24_phone\">\n<div class=\"et_pb_text_2 et_pb_text et_pb_bg_layout_light et_pb_module et_flex_module\"><div class=\"et_pb_text_inner\"><p><strong>For your private and professional events<\/strong><\/p>\n<\/div><\/div>\n\n<div class=\"et_pb_contact_form_0 et_pb_contact_form_container clearfix et_pb_module et_flex_module\" data-form_unique_num=\"0\" data-form_unique_id=\"75365d13-9878-40cd-acf6-64923ffe7a85\" id=\"et_pb_contact_form_75365d13-9878-40cd-acf6-64923ffe7a85\"><div class=\"et-pb-contact-message\"><\/div><div class=\"et_pb_contact\"><form class=\"et_pb_contact_form et_flex_module\" method=\"post\" action=\"https:\/\/stbacchi25.clientx-animage.fr\/en\/wp-json\/wp\/v2\/pages\/541\">\n<div class=\"et_pb_contact_field_0 et_pb_contact_field et_pb_module et_flex_module et_flex_column_12_24 et_flex_column_12_24_tablet et_flex_column_12_24_phone\" data-id=\"nom\" data-type=\"input\"><label class=\"et_pb_contact_form_label\">your name<\/label><input type=\"text\" name=\"et_pb_contact_0_nom_0\" id=\"et_pb_contact_0_nom_0\" class=\"input\" data-required_mark=\"required\" data-field_type=\"input\" data-original_id=\"nom\" placeholder=\"your name\" title=\"\" value=\"\" \/><\/div>\n\n<div class=\"et_pb_contact_field_1 et_pb_contact_field et_pb_module et_flex_module et_flex_column_12_24 et_flex_column_12_24_tablet et_flex_column_12_24_phone\" data-id=\"prenom\" data-type=\"input\"><label class=\"et_pb_contact_form_label\">first name<\/label><input type=\"text\" name=\"et_pb_contact_0_prenom_1\" id=\"et_pb_contact_0_prenom_1\" class=\"input\" data-required_mark=\"required\" data-field_type=\"input\" data-original_id=\"prenom\" placeholder=\"first name\" title=\"\" value=\"\" \/><\/div>\n\n<div class=\"et_pb_contact_field_2 et_pb_contact_field et_pb_module et_flex_module et_flex_column_12_24 et_flex_column_12_24_tablet et_flex_column_12_24_phone\" data-id=\"cp\" data-type=\"input\"><label class=\"et_pb_contact_form_label\">postal code<\/label><input type=\"text\" name=\"et_pb_contact_0_cp_2\" id=\"et_pb_contact_0_cp_2\" class=\"input\" data-required_mark=\"required\" data-field_type=\"input\" data-original_id=\"cp\" placeholder=\"postal code\" title=\"\" value=\"\" \/><\/div>\n\n<div class=\"et_pb_contact_field_3 et_pb_contact_field et_pb_module et_flex_module et_flex_column_12_24 et_flex_column_12_24_tablet et_flex_column_12_24_phone\" data-id=\"mobile\" data-type=\"input\"><label class=\"et_pb_contact_form_label\">mobile phone<\/label><input type=\"text\" name=\"et_pb_contact_0_mobile_3\" id=\"et_pb_contact_0_mobile_3\" class=\"input\" data-required_mark=\"required\" data-field_type=\"input\" data-original_id=\"mobile\" placeholder=\"mobile phone\" title=\"\" value=\"\" \/><\/div>\n\n<div class=\"et_pb_contact_field_4 et_pb_contact_field et_pb_module et_flex_module et_flex_column_24_24 et_flex_column_24_24_tablet et_flex_column_24_24_phone\" data-id=\"email\" data-type=\"email\"><label class=\"et_pb_contact_form_label\">your@email<\/label><input type=\"text\" name=\"et_pb_contact_0_email_4\" id=\"et_pb_contact_0_email_4\" class=\"input\" data-required_mark=\"required\" data-field_type=\"email\" data-original_id=\"email\" placeholder=\"your@email\" title=\"\" value=\"\" \/><\/div>\n\n<div class=\"et_pb_contact_field_5 et_pb_contact_field et_pb_module et_flex_module et_flex_column_24_24 et_flex_column_24_24_tablet et_flex_column_24_24_phone\" data-id=\"message\" data-type=\"text\"><label class=\"et_pb_contact_form_label\">Describe your needs, specify your dates, or ask us your questions \ud83d\ude09<\/label><textarea name=\"et_pb_contact_0_message_5\" id=\"et_pb_contact_0_message_5\" class=\"et_pb_contact_message input\" data-required_mark=\"required\" data-field_type=\"text\" data-original_id=\"message\" placeholder=\"Describe your needs, specify your dates, or ask us your questions ;-)\"><\/textarea><\/div>\n<input type=\"hidden\" name=\"et_pb_contactform_submit_75365d13-9878-40cd-acf6-64923ffe7a85\" value=\"et_contact_proccess\" \/><div class=\"et_contact_bottom_container\"><div class=\"et_pb_contact_right et_pb_contact_field\"><p class=\"clearfix\"><span class=\"et_pb_contact_captcha_question\">5 + 7<\/span> = <input type=\"text\" size=\"2\" class=\"input et_pb_contact_captcha\" data-first_digit=\"5\" data-second_digit=\"7\" data-required_mark=\"required\" name=\"et_pb_contact_captcha_75365d13-9878-40cd-acf6-64923ffe7a85\" autocomplete=\"off\" \/><\/p><\/div><div class=\"et_pb_button_wrapper\"><button type=\"submit\" name=\"et_builder_submit_button\" class=\"et_pb_button et_pb_contact_submit\">Send<\/button><\/div><\/div><input type=\"hidden\" id=\"_wpnonce-et-pb-contact-form-submitted-75365d13-9878-40cd-acf6-64923ffe7a85\" name=\"_wpnonce-et-pb-contact-form-submitted-75365d13-9878-40cd-acf6-64923ffe7a85\" value=\"4a12454405\" \/><input type=\"hidden\" name=\"_wp_http_referer\" value=\"\/en\/wp-json\/wp\/v2\/pages\/541\" \/><\/form><\/div><\/div>\n<\/div>\n<\/div>\n<\/div>\n\n<div class=\"et_pb_section_2 et_pb_section et_section_regular et_flex_section\">\n<div class=\"et_pb_row_2 et_pb_row et_flex_row\">\n<div class=\"et_pb_column_3 et_pb_column et-last-child et_flex_column et_pb_css_mix_blend_mode_passthrough et_flex_column_24_24 et_flex_column_24_24_tablet et_flex_column_24_24_phone\">\n<div class=\"et_pb_text_3 et_pb_text et_pb_bg_layout_light et_pb_module et_flex_module\"><div class=\"et_pb_text_inner\"><blockquote>\n<h2>Access Map<\/h2>\n<\/blockquote>\n<\/div><\/div>\n<\/div>\n<\/div>\n\n<div class=\"et_pb_row_3 et_pb_row et_flex_row\">\n<div class=\"et_pb_column_4 et_pb_column et-last-child et_flex_column et_pb_css_mix_blend_mode_passthrough et_flex_column_24_24 et_flex_column_24_24_tablet et_flex_column_24_24_phone\">\n<div class=\"et_pb_code_0 et_pb_code et_pb_module\"><div class=\"et_pb_code_inner\"><iframe src=\"https:\/\/www.google.com\/maps\/embed?pb=!1m18!1m12!1m3!1d2888.4661912395695!2d5.67516547745382!3d43.61765507110395!2m3!1f0!2f0!3f0!3m2!1i1024!2i768!4f13.1!3m3!1m2!1s0x12c987494161fbe7%3A0xcdc8c882a49a0583!2sDomaine%20de%20La%20Chapelle%20Saint%20Bacchi%20%3A%20Salle%20de%20R%C3%A9ception%20Mariage%20aix%20en%20Provence!5e0!3m2!1sfr!2sfr!4v1770295437500!5m2!1sfr!2sfr\" width=\"100%\" height=\"450\" style=\"border:0;\" allowfullscreen=\"\" loading=\"lazy\" referrerpolicy=\"no-referrer-when-downgrade\"><\/iframe><\/div><\/div>\n<\/div>\n<\/div>\n<\/div>\n\n<div class=\"et_pb_section_3 et_pb_section et_section_regular et_flex_section\"><div class=\"et_pb_row_4 et_pb_row et_flex_row\"><div class=\"et_pb_column_5 et_pb_column et_flex_column et_pb_css_mix_blend_mode_passthrough et_flex_column_6_24 et_flex_column_12_24_tablet et_flex_column_24_24_phone\"><div class=\"et_pb_image_0 et_pb_image et_pb_module et_flex_module\"><a href=\"https:\/\/stbacchi25.clientx-animage.fr\/en\/contact\/\"><span class=\"et_pb_image_wrap\"><img loading=\"lazy\" decoding=\"async\" src=\"https:\/\/stbacchi25.clientx-animage.fr\/wp-content\/uploads\/2026\/02\/btn-contact-mail_en.png\" alt=\"Saint Bacchi Chapel for your weddings and events in Provence France\" title=\"btn-contact-mail_en\" width=\"210\" height=\"52\" sizes=\"(max-width: 210px) 100vw, 210px\" class=\"wp-image-512\" \/><\/span><\/a><\/div><\/div><div class=\"et_pb_column_6 et_pb_column et_flex_column et_pb_css_mix_blend_mode_passthrough et_flex_column_6_24 et_flex_column_12_24_tablet et_flex_column_24_24_phone\"><div class=\"et_pb_image_1 et_pb_image et_pb_module et_flex_module\"><a href=\"https:\/\/stbacchi25.clientx-animage.fr\/histoire-de-la-chapelle-salle-de-mariages-receptions-et-evenements-prives-saint-bacchi-en-provence-sud-france-a-jouques\/#matterport\"><span class=\"et_pb_image_wrap\"><img loading=\"lazy\" decoding=\"async\" src=\"https:\/\/stbacchi25.clientx-animage.fr\/wp-content\/uploads\/2026\/02\/btn-contact-360_en.png\" alt=\"Saint Bacchi Chapel for your weddings and events in Provence France\" title=\"btn-contact-360_en\" width=\"210\" height=\"52\" sizes=\"(max-width: 210px) 100vw, 210px\" class=\"wp-image-507\" \/><\/span><\/a><\/div><\/div><div class=\"et_pb_column_7 et_pb_column et_flex_column et_pb_css_mix_blend_mode_passthrough et_flex_column_6_24 et_flex_column_12_24_tablet et_flex_column_24_24_phone\"><div class=\"et_pb_image_2 et_pb_image et_pb_module et_flex_module\"><a href=\"https:\/\/stbacchi25.clientx-animage.fr\/en\/contact\/\"><span class=\"et_pb_image_wrap\"><img loading=\"lazy\" decoding=\"async\" src=\"https:\/\/stbacchi25.clientx-animage.fr\/wp-content\/uploads\/2026\/02\/btn-contact-organiser_en.png\" alt=\"Saint Bacchi Chapel for your weddings and events in Provence France\" title=\"btn-contact-organiser_en\" width=\"210\" height=\"52\" sizes=\"(max-width: 210px) 100vw, 210px\" class=\"wp-image-513\" \/><\/span><\/a><\/div><\/div><div class=\"et_pb_column_8 et_pb_column et-last-child et_flex_column et_pb_css_mix_blend_mode_passthrough et_flex_column_6_24 et_flex_column_12_24_tablet et_flex_column_24_24_phone\"><div class=\"et_pb_image_3 et_pb_image et_pb_module et_flex_module\"><a href=\"https:\/\/www.facebook.com\/profile.php?id=100050883832497#\" target=\"_blank\"><span class=\"et_pb_image_wrap\"><img loading=\"lazy\" decoding=\"async\" src=\"https:\/\/stbacchi25.clientx-animage.fr\/wp-content\/uploads\/2026\/02\/btn-contact-facebook_en.png\" alt=\"Saint Bacchi Chapel for your weddings and events in Provence France\" title=\"btn-contact-facebook_en\" width=\"210\" height=\"52\" sizes=\"(max-width: 210px) 100vw, 210px\" class=\"wp-image-510\" \/><\/span><\/a><\/div><\/div><\/div><\/div>\n\n<div class=\"et_pb_section_4 et_pb_section et_section_regular et_flex_section\"><div class=\"et_pb_row_5 et_pb_row et_flex_row et_clickable\"><div class=\"et_pb_column_9 et_pb_column et-last-child et_flex_column et_pb_css_mix_blend_mode_passthrough et_flex_column_24_24 et_flex_column_24_24_tablet et_flex_column_24_24_phone\"><div class=\"et_pb_text_4 et_pb_text et_pb_bg_layout_light et_pb_module et_flex_module\"><div class=\"et_pb_text_inner\"><h2><span style=\"color: #ffffff;\">Our partners<\/span><\/h2>\n<\/div><\/div><div class=\"et_pb_row_6 et_pb_row et_pb_row_nested et_flex_row\"><div class=\"et_pb_column_10 et_pb_column et_flex_column et_pb_css_mix_blend_mode_passthrough et_flex_column_8_24 et_flex_column_8_24_tablet et_flex_column_24_24_phone\"><div class=\"et_pb_image_4 et_pb_image et_pb_module et_flex_module\"><span class=\"et_pb_image_wrap\"><img loading=\"lazy\" decoding=\"async\" src=\"https:\/\/stbacchi25.clientx-animage.fr\/wp-content\/uploads\/2026\/02\/partenaires-traiteurs_resultat.webp\" title=\"partenaires-traiteurs_resultat\" width=\"545\" height=\"344\" srcset=\"https:\/\/stbacchi25.clientx-animage.fr\/wp-content\/uploads\/2026\/02\/partenaires-traiteurs_resultat.webp 545w, https:\/\/stbacchi25.clientx-animage.fr\/wp-content\/uploads\/2026\/02\/partenaires-traiteurs_resultat-480x303.webp 480w\" sizes=\"(min-width: 0px) and (max-width: 480px) 480px, (min-width: 481px) 545px, 100vw\" class=\"wp-image-187\" \/><\/span><div class=\"et_pb_text_5 et_pb_text et_pb_bg_layout_light et_pb_module et_flex_module\"><div class=\"et_pb_text_inner\"><h3><span style=\"color: #ffffff;\">Catering Services<\/span><\/h3>\n<\/div><\/div><\/div><\/div><div class=\"et_pb_column_11 et_pb_column et_flex_column et_pb_css_mix_blend_mode_passthrough et_flex_column_8_24 et_flex_column_8_24_tablet et_flex_column_24_24_phone\"><div class=\"et_pb_image_5 et_pb_image et_pb_module et_flex_module\"><span class=\"et_pb_image_wrap\"><img loading=\"lazy\" decoding=\"async\" src=\"https:\/\/stbacchi25.clientx-animage.fr\/wp-content\/uploads\/2026\/02\/partenaires-photos_resultat.webp\" title=\"partenaires-photos_resultat\" width=\"545\" height=\"344\" srcset=\"https:\/\/stbacchi25.clientx-animage.fr\/wp-content\/uploads\/2026\/02\/partenaires-photos_resultat.webp 545w, https:\/\/stbacchi25.clientx-animage.fr\/wp-content\/uploads\/2026\/02\/partenaires-photos_resultat-480x303.webp 480w\" sizes=\"(min-width: 0px) and (max-width: 480px) 480px, (min-width: 481px) 545px, 100vw\" class=\"wp-image-186\" \/><\/span><div class=\"et_pb_text_6 et_pb_text et_pb_bg_layout_light et_pb_module et_flex_module\"><div class=\"et_pb_text_inner\"><h3><span style=\"color: #ffffff;\">Photos<\/span><\/h3>\n<\/div><\/div><\/div><\/div><div class=\"et_pb_column_12 et_pb_column et_flex_column et_pb_css_mix_blend_mode_passthrough et_flex_column_8_24 et_flex_column_8_24_tablet et_flex_column_24_24_phone\"><div class=\"et_pb_image_6 et_pb_image et_pb_module et_flex_module\"><span class=\"et_pb_image_wrap\"><img loading=\"lazy\" decoding=\"async\" src=\"https:\/\/stbacchi25.clientx-animage.fr\/wp-content\/uploads\/2026\/02\/partenaires-music_resultat.webp\" title=\"partenaires-music_resultat\" width=\"545\" height=\"344\" srcset=\"https:\/\/stbacchi25.clientx-animage.fr\/wp-content\/uploads\/2026\/02\/partenaires-music_resultat.webp 545w, https:\/\/stbacchi25.clientx-animage.fr\/wp-content\/uploads\/2026\/02\/partenaires-music_resultat-480x303.webp 480w\" sizes=\"(min-width: 0px) and (max-width: 480px) 480px, (min-width: 481px) 545px, 100vw\" class=\"wp-image-190\" \/><\/span><div class=\"et_pb_text_7 et_pb_text et_pb_bg_layout_light et_pb_module et_flex_module\"><div class=\"et_pb_text_inner\"><h3><span style=\"color: #ffffff;\">Music<\/span><\/h3>\n<\/div><\/div><\/div><\/div><div class=\"et_pb_column_13 et_pb_column et_flex_column et_pb_css_mix_blend_mode_passthrough et_flex_column_8_24 et_flex_column_8_24_tablet et_flex_column_24_24_phone\"><div class=\"et_pb_image_7 et_pb_image et_pb_module et_flex_module\"><span class=\"et_pb_image_wrap\"><img loading=\"lazy\" decoding=\"async\" src=\"https:\/\/stbacchi25.clientx-animage.fr\/wp-content\/uploads\/2026\/02\/partenaires-deco_resultat.webp\" title=\"partenaires-deco_resultat\" width=\"545\" height=\"344\" srcset=\"https:\/\/stbacchi25.clientx-animage.fr\/wp-content\/uploads\/2026\/02\/partenaires-deco_resultat.webp 545w, https:\/\/stbacchi25.clientx-animage.fr\/wp-content\/uploads\/2026\/02\/partenaires-deco_resultat-480x303.webp 480w\" sizes=\"(min-width: 0px) and (max-width: 480px) 480px, (min-width: 481px) 545px, 100vw\" class=\"wp-image-188\" \/><\/span><div class=\"et_pb_text_8 et_pb_text et_pb_bg_layout_light et_pb_module et_flex_module\"><div class=\"et_pb_text_inner\"><h3><span style=\"color: #ffffff;\">The d\u00e9coration<\/span><\/h3>\n<\/div><\/div><\/div><\/div><div class=\"et_pb_column_14 et_pb_column et_flex_column et_pb_css_mix_blend_mode_passthrough et_flex_column_8_24 et_flex_column_8_24_tablet et_flex_column_24_24_phone\"><div class=\"et_pb_image_8 et_pb_image et_pb_module et_flex_module\"><span class=\"et_pb_image_wrap\"><img loading=\"lazy\" decoding=\"async\" src=\"https:\/\/stbacchi25.clientx-animage.fr\/wp-content\/uploads\/2026\/02\/partenaires-organisation_resultat.webp\" title=\"partenaires-organisation_resultat\" width=\"545\" height=\"344\" srcset=\"https:\/\/stbacchi25.clientx-animage.fr\/wp-content\/uploads\/2026\/02\/partenaires-organisation_resultat.webp 545w, https:\/\/stbacchi25.clientx-animage.fr\/wp-content\/uploads\/2026\/02\/partenaires-organisation_resultat-480x303.webp 480w\" sizes=\"(min-width: 0px) and (max-width: 480px) 480px, (min-width: 481px) 545px, 100vw\" class=\"wp-image-191\" \/><\/span><div class=\"et_pb_text_9 et_pb_text et_pb_bg_layout_light et_pb_module et_flex_module\"><div class=\"et_pb_text_inner\"><h3><span style=\"color: #ffffff;\">Wedding Planning in Provence<\/span><\/h3>\n<\/div><\/div><\/div><\/div><div class=\"et_pb_column_15 et_pb_column et-last-child et_flex_column et_pb_css_mix_blend_mode_passthrough et_flex_column_8_24 et_flex_column_8_24_tablet et_flex_column_24_24_phone\"><div class=\"et_pb_image_9 et_pb_image et_pb_module et_flex_module\"><span class=\"et_pb_image_wrap\"><img loading=\"lazy\" decoding=\"async\" src=\"https:\/\/stbacchi25.clientx-animage.fr\/wp-content\/uploads\/2026\/02\/partenaires-location_resultat.webp\" title=\"partenaires-location_resultat\" width=\"545\" height=\"344\" srcset=\"https:\/\/stbacchi25.clientx-animage.fr\/wp-content\/uploads\/2026\/02\/partenaires-location_resultat.webp 545w, https:\/\/stbacchi25.clientx-animage.fr\/wp-content\/uploads\/2026\/02\/partenaires-location_resultat-480x303.webp 480w\" sizes=\"(min-width: 0px) and (max-width: 480px) 480px, (min-width: 481px) 545px, 100vw\" class=\"wp-image-189\" \/><\/span><div class=\"et_pb_text_10 et_pb_text et_pb_bg_layout_light et_pb_module et_flex_module\"><div class=\"et_pb_text_inner\"><h3><span style=\"color: #ffffff;\">Event Space Rental<\/span><\/h3>\n<\/div><\/div><\/div><\/div><\/div><\/div><\/div><\/div>","protected":false},"excerpt":{"rendered":"","protected":false},"author":1,"featured_media":0,"parent":0,"menu_order":0,"comment_status":"closed","ping_status":"closed","template":"","meta":{"footnotes":""},"class_list":["post-541","page","type-page","status-publish","hentry"],"yoast_head":"<!-- This site is optimized with the Yoast SEO plugin v27.0 - https:\/\/yoast.com\/product\/yoast-seo-wordpress\/ -->\n<title>Contact us - Reception Saint Bacchi : mariages, \u00e9v\u00e9nements priv\u00e9s et professionnels<\/title>\n<meta name=\"robots\" content=\"index, follow, max-snippet:-1, max-image-preview:large, max-video-preview:-1\" \/>\n<link rel=\"canonical\" href=\"https:\/\/stbacchi25.clientx-animage.fr\/en\/contact\/\" \/>\n<meta property=\"og:locale\" content=\"en_US\" \/>\n<meta property=\"og:type\" content=\"article\" \/>\n<meta property=\"og:title\" content=\"Contact us - Reception Saint Bacchi : mariages, \u00e9v\u00e9nements priv\u00e9s et professionnels\" \/>\n<meta property=\"og:url\" content=\"https:\/\/stbacchi25.clientx-animage.fr\/en\/contact\/\" \/>\n<meta property=\"og:site_name\" content=\"Reception Saint Bacchi : mariages, \u00e9v\u00e9nements priv\u00e9s et professionnels\" \/>\n<meta property=\"article:publisher\" content=\"https:\/\/www.facebook.com\/profile.php?id=100050883832497\" \/>\n<meta property=\"article:modified_time\" content=\"2026-02-19T15:06:09+00:00\" \/>\n<meta name=\"twitter:card\" content=\"summary_large_image\" \/>\n<script type=\"application\/ld+json\" class=\"yoast-schema-graph\">{\"@context\":\"https:\/\/schema.org\",\"@graph\":[{\"@type\":\"WebPage\",\"@id\":\"https:\/\/stbacchi25.clientx-animage.fr\/en\/contact\/\",\"url\":\"https:\/\/stbacchi25.clientx-animage.fr\/en\/contact\/\",\"name\":\"Contact us - Reception Saint Bacchi : mariages, \u00e9v\u00e9nements priv\u00e9s et professionnels\",\"isPartOf\":{\"@id\":\"https:\/\/stbacchi25.clientx-animage.fr\/en\/#website\"},\"datePublished\":\"2026-02-04T17:46:42+00:00\",\"dateModified\":\"2026-02-19T15:06:09+00:00\",\"breadcrumb\":{\"@id\":\"https:\/\/stbacchi25.clientx-animage.fr\/en\/contact\/#breadcrumb\"},\"inLanguage\":\"en-US\",\"potentialAction\":[{\"@type\":\"ReadAction\",\"target\":[\"https:\/\/stbacchi25.clientx-animage.fr\/en\/contact\/\"]}]},{\"@type\":\"BreadcrumbList\",\"@id\":\"https:\/\/stbacchi25.clientx-animage.fr\/en\/contact\/#breadcrumb\",\"itemListElement\":[{\"@type\":\"ListItem\",\"position\":1,\"name\":\"Accueil\",\"item\":\"https:\/\/stbacchi25.clientx-animage.fr\/en\/\"},{\"@type\":\"ListItem\",\"position\":2,\"name\":\"Contact us\"}]},{\"@type\":\"WebSite\",\"@id\":\"https:\/\/stbacchi25.clientx-animage.fr\/en\/#website\",\"url\":\"https:\/\/stbacchi25.clientx-animage.fr\/en\/\",\"name\":\"Reception Saint Bacchi : mariages, \u00e9v\u00e9nements priv\u00e9s et professionnels\",\"description\":\"\",\"publisher\":{\"@id\":\"https:\/\/stbacchi25.clientx-animage.fr\/en\/#organization\"},\"potentialAction\":[{\"@type\":\"SearchAction\",\"target\":{\"@type\":\"EntryPoint\",\"urlTemplate\":\"https:\/\/stbacchi25.clientx-animage.fr\/en\/?s={search_term_string}\"},\"query-input\":{\"@type\":\"PropertyValueSpecification\",\"valueRequired\":true,\"valueName\":\"search_term_string\"}}],\"inLanguage\":\"en-US\"},{\"@type\":\"Organization\",\"@id\":\"https:\/\/stbacchi25.clientx-animage.fr\/en\/#organization\",\"name\":\"Reception Saint Bacchi : mariages, \u00e9v\u00e9nements priv\u00e9s et professionnels\",\"url\":\"https:\/\/stbacchi25.clientx-animage.fr\/en\/\",\"logo\":{\"@type\":\"ImageObject\",\"inLanguage\":\"en-US\",\"@id\":\"https:\/\/stbacchi25.clientx-animage.fr\/en\/#\/schema\/logo\/image\/\",\"url\":\"https:\/\/stbacchi25.clientx-animage.fr\/wp-content\/uploads\/2026\/02\/logo-domaine-saint-bacchi.png\",\"contentUrl\":\"https:\/\/stbacchi25.clientx-animage.fr\/wp-content\/uploads\/2026\/02\/logo-domaine-saint-bacchi.png\",\"width\":235,\"height\":75,\"caption\":\"Reception Saint Bacchi : mariages, \u00e9v\u00e9nements priv\u00e9s et professionnels\"},\"image\":{\"@id\":\"https:\/\/stbacchi25.clientx-animage.fr\/en\/#\/schema\/logo\/image\/\"},\"sameAs\":[\"https:\/\/www.facebook.com\/profile.php?id=100050883832497\"]}]}<\/script>\n<!-- \/ Yoast SEO plugin. -->","yoast_head_json":{"title":"Contact us - Reception Saint Bacchi : mariages, \u00e9v\u00e9nements priv\u00e9s et professionnels","robots":{"index":"index","follow":"follow","max-snippet":"max-snippet:-1","max-image-preview":"max-image-preview:large","max-video-preview":"max-video-preview:-1"},"canonical":"https:\/\/stbacchi25.clientx-animage.fr\/en\/contact\/","og_locale":"en_US","og_type":"article","og_title":"Contact us - Reception Saint Bacchi : mariages, \u00e9v\u00e9nements priv\u00e9s et professionnels","og_url":"https:\/\/stbacchi25.clientx-animage.fr\/en\/contact\/","og_site_name":"Reception Saint Bacchi : mariages, \u00e9v\u00e9nements priv\u00e9s et professionnels","article_publisher":"https:\/\/www.facebook.com\/profile.php?id=100050883832497","article_modified_time":"2026-02-19T15:06:09+00:00","twitter_card":"summary_large_image","schema":{"@context":"https:\/\/schema.org","@graph":[{"@type":"WebPage","@id":"https:\/\/stbacchi25.clientx-animage.fr\/en\/contact\/","url":"https:\/\/stbacchi25.clientx-animage.fr\/en\/contact\/","name":"Contact us - Reception Saint Bacchi : mariages, \u00e9v\u00e9nements priv\u00e9s et professionnels","isPartOf":{"@id":"https:\/\/stbacchi25.clientx-animage.fr\/en\/#website"},"datePublished":"2026-02-04T17:46:42+00:00","dateModified":"2026-02-19T15:06:09+00:00","breadcrumb":{"@id":"https:\/\/stbacchi25.clientx-animage.fr\/en\/contact\/#breadcrumb"},"inLanguage":"en-US","potentialAction":[{"@type":"ReadAction","target":["https:\/\/stbacchi25.clientx-animage.fr\/en\/contact\/"]}]},{"@type":"BreadcrumbList","@id":"https:\/\/stbacchi25.clientx-animage.fr\/en\/contact\/#breadcrumb","itemListElement":[{"@type":"ListItem","position":1,"name":"Accueil","item":"https:\/\/stbacchi25.clientx-animage.fr\/en\/"},{"@type":"ListItem","position":2,"name":"Contact us"}]},{"@type":"WebSite","@id":"https:\/\/stbacchi25.clientx-animage.fr\/en\/#website","url":"https:\/\/stbacchi25.clientx-animage.fr\/en\/","name":"Reception Saint Bacchi : mariages, \u00e9v\u00e9nements priv\u00e9s et professionnels","description":"","publisher":{"@id":"https:\/\/stbacchi25.clientx-animage.fr\/en\/#organization"},"potentialAction":[{"@type":"SearchAction","target":{"@type":"EntryPoint","urlTemplate":"https:\/\/stbacchi25.clientx-animage.fr\/en\/?s={search_term_string}"},"query-input":{"@type":"PropertyValueSpecification","valueRequired":true,"valueName":"search_term_string"}}],"inLanguage":"en-US"},{"@type":"Organization","@id":"https:\/\/stbacchi25.clientx-animage.fr\/en\/#organization","name":"Reception Saint Bacchi : mariages, \u00e9v\u00e9nements priv\u00e9s et professionnels","url":"https:\/\/stbacchi25.clientx-animage.fr\/en\/","logo":{"@type":"ImageObject","inLanguage":"en-US","@id":"https:\/\/stbacchi25.clientx-animage.fr\/en\/#\/schema\/logo\/image\/","url":"https:\/\/stbacchi25.clientx-animage.fr\/wp-content\/uploads\/2026\/02\/logo-domaine-saint-bacchi.png","contentUrl":"https:\/\/stbacchi25.clientx-animage.fr\/wp-content\/uploads\/2026\/02\/logo-domaine-saint-bacchi.png","width":235,"height":75,"caption":"Reception Saint Bacchi : mariages, \u00e9v\u00e9nements priv\u00e9s et professionnels"},"image":{"@id":"https:\/\/stbacchi25.clientx-animage.fr\/en\/#\/schema\/logo\/image\/"},"sameAs":["https:\/\/www.facebook.com\/profile.php?id=100050883832497"]}]}},"_links":{"self":[{"href":"https:\/\/stbacchi25.clientx-animage.fr\/en\/wp-json\/wp\/v2\/pages\/541","targetHints":{"allow":["GET"]}}],"collection":[{"href":"https:\/\/stbacchi25.clientx-animage.fr\/en\/wp-json\/wp\/v2\/pages"}],"about":[{"href":"https:\/\/stbacchi25.clientx-animage.fr\/en\/wp-json\/wp\/v2\/types\/page"}],"author":[{"embeddable":true,"href":"https:\/\/stbacchi25.clientx-animage.fr\/en\/wp-json\/wp\/v2\/users\/1"}],"replies":[{"embeddable":true,"href":"https:\/\/stbacchi25.clientx-animage.fr\/en\/wp-json\/wp\/v2\/comments?post=541"}],"version-history":[{"count":6,"href":"https:\/\/stbacchi25.clientx-animage.fr\/en\/wp-json\/wp\/v2\/pages\/541\/revisions"}],"predecessor-version":[{"id":631,"href":"https:\/\/stbacchi25.clientx-animage.fr\/en\/wp-json\/wp\/v2\/pages\/541\/revisions\/631"}],"wp:attachment":[{"href":"https:\/\/stbacchi25.clientx-animage.fr\/en\/wp-json\/wp\/v2\/media?parent=541"}],"curies":[{"name":"wp","href":"https:\/\/api.w.org\/{rel}","templated":true}]}}